{"id":26,"date":"2025-12-01T16:18:30","date_gmt":"2025-12-01T15:18:30","guid":{"rendered":"https:\/\/www.emiga-conseils.com\/?page_id=26"},"modified":"2025-12-09T17:41:49","modified_gmt":"2025-12-09T16:41:49","slug":"accueil","status":"publish","type":"page","link":"https:\/\/www.emiga-conseils.com\/en\/","title":{"rendered":"HOME"},"content":{"rendered":"<div class=\"wp-block-kadence-spacer aligncenter kt-block-spacer-26_3de240-32\"><div class=\"kt-block-spacer kt-block-spacer-halign-center\"><hr class=\"kt-divider\"\/><\/div><\/div>\n\n\n\n<p class=\"has-base-background-color has-background\"><strong>A word from the Chairman<\/strong><br><br>A consulting firm established in Paris in 2013, Emiga Conseils was built on the international professional experience of its founder and that of its consulting partners, relying on a partnership-based approach and management methods tailored to the specific needs of businesses.<br><br>Emiga Conseils focuses on providing advice and operational support to commercial and industrial companies in the areas of strategic development, investment, organisation, change management and communications.<br><br>Emiga Consulting combines general management knowledge and consulting expertise acquired through large-scale strategic projects and numerous organisational improvement assignments.<br><br>Emiga Conseils is committed to providing advice and managerial assistance in strict accordance with good governance and business ethics.<br><br><em>Michel Faure<\/em><\/p>\n\n\n\n<div class=\"wp-block-kadence-spacer aligncenter kt-block-spacer-26_b00577-78\"><div class=\"kt-block-spacer kt-block-spacer-halign-center\"><hr class=\"kt-divider\"\/><\/div><\/div>","protected":false},"excerpt":{"rendered":"<p>Mot du Pr\u00e9sident Cabinet de conseils cr\u00e9\u00e9 en 2013, \u00e0 Paris, Emiga Conseils s\u2019est construit \u00e0 partir de l\u2019exp\u00e9rience professionnelle internationale de son fondateur, et celle de ses associ\u00e9s conseils en s\u2019appuyant sur une approche partenariale et des m\u00e9thodes de gestion adapt\u00e9es aux besoins propres des entreprises. Emiga Conseils est centr\u00e9 sur le conseil et [&hellip;]<\/p>\n","protected":false},"author":3,"featured_media":112,"parent":0,"menu_order":0,"comment_status":"closed","ping_status":"closed","template":"kubio-full-width","meta":{"saved_in_kubio":true,"footnotes":""},"class_list":["post-26","page","type-page","status-publish","has-post-thumbnail","hentry"],"kubio_ai_page_context":{"short_desc":"","purpose":"general"},"yoast_head":"<!-- This site is optimized with the Yoast SEO plugin v27.5 - https:\/\/yoast.com\/product\/yoast-seo-wordpress\/ -->\n<title>ACCUEIL - Emiga Conseils<\/title>\n<meta name=\"robots\" content=\"index, follow, max-snippet:-1, max-image-preview:large, max-video-preview:-1\" \/>\n<link rel=\"canonical\" href=\"https:\/\/www.emiga-conseils.com\/en\/\" \/>\n<meta property=\"og:locale\" content=\"en_GB\" \/>\n<meta property=\"og:type\" content=\"article\" \/>\n<meta property=\"og:title\" content=\"ACCUEIL - Emiga Conseils\" \/>\n<meta property=\"og:description\" content=\"Mot du Pr\u00e9sident Cabinet de conseils cr\u00e9\u00e9 en 2013, \u00e0 Paris, Emiga Conseils s\u2019est construit \u00e0 partir de l\u2019exp\u00e9rience professionnelle internationale de son fondateur, et celle de ses associ\u00e9s conseils en s\u2019appuyant sur une approche partenariale et des m\u00e9thodes de gestion adapt\u00e9es aux besoins propres des entreprises. Emiga Conseils est centr\u00e9 sur le conseil et [&hellip;]\" \/>\n<meta property=\"og:url\" content=\"https:\/\/www.emiga-conseils.com\/en\/\" \/>\n<meta property=\"og:site_name\" content=\"Emiga Conseils\" \/>\n<meta property=\"article:modified_time\" content=\"2025-12-09T16:41:49+00:00\" \/>\n<meta property=\"og:image\" content=\"https:\/\/www.emiga-conseils.com\/wp-content\/uploads\/2025\/12\/vue-sur-la-tour-eiffel.jpg\" \/>\n\t<meta property=\"og:image:width\" content=\"1920\" \/>\n\t<meta property=\"og:image:height\" content=\"1280\" \/>\n\t<meta property=\"og:image:type\" content=\"image\/jpeg\" \/>\n<meta name=\"twitter:card\" content=\"summary_large_image\" \/>\n<meta name=\"twitter:label1\" content=\"Estimated reading time\" \/>\n\t<meta name=\"twitter:data1\" content=\"1 minute\" \/>\n<script type=\"application\/ld+json\" class=\"yoast-schema-graph\">{\"@context\":\"https:\\\/\\\/schema.org\",\"@graph\":[{\"@type\":\"WebPage\",\"@id\":\"https:\\\/\\\/www.emiga-conseils.com\\\/\",\"url\":\"https:\\\/\\\/www.emiga-conseils.com\\\/\",\"name\":\"ACCUEIL - Emiga Conseils\",\"isPartOf\":{\"@id\":\"https:\\\/\\\/www.emiga-conseils.com\\\/#website\"},\"primaryImageOfPage\":{\"@id\":\"https:\\\/\\\/www.emiga-conseils.com\\\/#primaryimage\"},\"image\":{\"@id\":\"https:\\\/\\\/www.emiga-conseils.com\\\/#primaryimage\"},\"thumbnailUrl\":\"https:\\\/\\\/www.emiga-conseils.com\\\/wp-content\\\/uploads\\\/2025\\\/12\\\/vue-sur-la-tour-eiffel.jpg\",\"datePublished\":\"2025-12-01T15:18:30+00:00\",\"dateModified\":\"2025-12-09T16:41:49+00:00\",\"breadcrumb\":{\"@id\":\"https:\\\/\\\/www.emiga-conseils.com\\\/#breadcrumb\"},\"inLanguage\":\"en-GB\",\"potentialAction\":[{\"@type\":\"ReadAction\",\"target\":[\"https:\\\/\\\/www.emiga-conseils.com\\\/\"]}]},{\"@type\":\"ImageObject\",\"inLanguage\":\"en-GB\",\"@id\":\"https:\\\/\\\/www.emiga-conseils.com\\\/#primaryimage\",\"url\":\"https:\\\/\\\/www.emiga-conseils.com\\\/wp-content\\\/uploads\\\/2025\\\/12\\\/vue-sur-la-tour-eiffel.jpg\",\"contentUrl\":\"https:\\\/\\\/www.emiga-conseils.com\\\/wp-content\\\/uploads\\\/2025\\\/12\\\/vue-sur-la-tour-eiffel.jpg\",\"width\":1920,\"height\":1280},{\"@type\":\"BreadcrumbList\",\"@id\":\"https:\\\/\\\/www.emiga-conseils.com\\\/#breadcrumb\",\"itemListElement\":[{\"@type\":\"ListItem\",\"position\":1,\"name\":\"Accueil\",\"item\":\"https:\\\/\\\/www.emiga-conseils.com\\\/\"},{\"@type\":\"ListItem\",\"position\":2,\"name\":\"ACCUEIL\"}]},{\"@type\":\"WebSite\",\"@id\":\"https:\\\/\\\/www.emiga-conseils.com\\\/#website\",\"url\":\"https:\\\/\\\/www.emiga-conseils.com\\\/\",\"name\":\"Emiga Conseils\",\"description\":\"\",\"publisher\":{\"@id\":\"https:\\\/\\\/www.emiga-conseils.com\\\/#organization\"},\"potentialAction\":[{\"@type\":\"SearchAction\",\"target\":{\"@type\":\"EntryPoint\",\"urlTemplate\":\"https:\\\/\\\/www.emiga-conseils.com\\\/?s={search_term_string}\"},\"query-input\":{\"@type\":\"PropertyValueSpecification\",\"valueRequired\":true,\"valueName\":\"search_term_string\"}}],\"inLanguage\":\"en-GB\"},{\"@type\":\"Organization\",\"@id\":\"https:\\\/\\\/www.emiga-conseils.com\\\/#organization\",\"name\":\"Emiga Conseils\",\"url\":\"https:\\\/\\\/www.emiga-conseils.com\\\/\",\"logo\":{\"@type\":\"ImageObject\",\"inLanguage\":\"en-GB\",\"@id\":\"https:\\\/\\\/www.emiga-conseils.com\\\/#\\\/schema\\\/logo\\\/image\\\/\",\"url\":\"https:\\\/\\\/www.emiga-conseils.com\\\/wp-content\\\/uploads\\\/2025\\\/12\\\/Emiga-Conseil-logo-e1765800486116.png\",\"contentUrl\":\"https:\\\/\\\/www.emiga-conseils.com\\\/wp-content\\\/uploads\\\/2025\\\/12\\\/Emiga-Conseil-logo-e1765800486116.png\",\"width\":256,\"height\":40,\"caption\":\"Emiga Conseils\"},\"image\":{\"@id\":\"https:\\\/\\\/www.emiga-conseils.com\\\/#\\\/schema\\\/logo\\\/image\\\/\"}}]}<\/script>\n<!-- \/ Yoast SEO plugin. -->","yoast_head_json":{"title":"ACCUEIL - Emiga Conseils","robots":{"index":"index","follow":"follow","max-snippet":"max-snippet:-1","max-image-preview":"max-image-preview:large","max-video-preview":"max-video-preview:-1"},"canonical":"https:\/\/www.emiga-conseils.com\/en\/","og_locale":"en_GB","og_type":"article","og_title":"ACCUEIL - Emiga Conseils","og_description":"Mot du Pr\u00e9sident Cabinet de conseils cr\u00e9\u00e9 en 2013, \u00e0 Paris, Emiga Conseils s\u2019est construit \u00e0 partir de l\u2019exp\u00e9rience professionnelle internationale de son fondateur, et celle de ses associ\u00e9s conseils en s\u2019appuyant sur une approche partenariale et des m\u00e9thodes de gestion adapt\u00e9es aux besoins propres des entreprises. Emiga Conseils est centr\u00e9 sur le conseil et [&hellip;]","og_url":"https:\/\/www.emiga-conseils.com\/en\/","og_site_name":"Emiga Conseils","article_modified_time":"2025-12-09T16:41:49+00:00","og_image":[{"width":1920,"height":1280,"url":"https:\/\/www.emiga-conseils.com\/wp-content\/uploads\/2025\/12\/vue-sur-la-tour-eiffel.jpg","type":"image\/jpeg"}],"twitter_card":"summary_large_image","twitter_misc":{"Estimated reading time":"1 minute"},"schema":{"@context":"https:\/\/schema.org","@graph":[{"@type":"WebPage","@id":"https:\/\/www.emiga-conseils.com\/","url":"https:\/\/www.emiga-conseils.com\/","name":"ACCUEIL - Emiga Conseils","isPartOf":{"@id":"https:\/\/www.emiga-conseils.com\/#website"},"primaryImageOfPage":{"@id":"https:\/\/www.emiga-conseils.com\/#primaryimage"},"image":{"@id":"https:\/\/www.emiga-conseils.com\/#primaryimage"},"thumbnailUrl":"https:\/\/www.emiga-conseils.com\/wp-content\/uploads\/2025\/12\/vue-sur-la-tour-eiffel.jpg","datePublished":"2025-12-01T15:18:30+00:00","dateModified":"2025-12-09T16:41:49+00:00","breadcrumb":{"@id":"https:\/\/www.emiga-conseils.com\/#breadcrumb"},"inLanguage":"en-GB","potentialAction":[{"@type":"ReadAction","target":["https:\/\/www.emiga-conseils.com\/"]}]},{"@type":"ImageObject","inLanguage":"en-GB","@id":"https:\/\/www.emiga-conseils.com\/#primaryimage","url":"https:\/\/www.emiga-conseils.com\/wp-content\/uploads\/2025\/12\/vue-sur-la-tour-eiffel.jpg","contentUrl":"https:\/\/www.emiga-conseils.com\/wp-content\/uploads\/2025\/12\/vue-sur-la-tour-eiffel.jpg","width":1920,"height":1280},{"@type":"BreadcrumbList","@id":"https:\/\/www.emiga-conseils.com\/#breadcrumb","itemListElement":[{"@type":"ListItem","position":1,"name":"Accueil","item":"https:\/\/www.emiga-conseils.com\/"},{"@type":"ListItem","position":2,"name":"ACCUEIL"}]},{"@type":"WebSite","@id":"https:\/\/www.emiga-conseils.com\/#website","url":"https:\/\/www.emiga-conseils.com\/","name":"Emiga Consulting","description":"","publisher":{"@id":"https:\/\/www.emiga-conseils.com\/#organization"},"potentialAction":[{"@type":"SearchAction","target":{"@type":"EntryPoint","urlTemplate":"https:\/\/www.emiga-conseils.com\/?s={search_term_string}"},"query-input":{"@type":"PropertyValueSpecification","valueRequired":true,"valueName":"search_term_string"}}],"inLanguage":"en-GB"},{"@type":"Organization","@id":"https:\/\/www.emiga-conseils.com\/#organization","name":"Emiga Consulting","url":"https:\/\/www.emiga-conseils.com\/","logo":{"@type":"ImageObject","inLanguage":"en-GB","@id":"https:\/\/www.emiga-conseils.com\/#\/schema\/logo\/image\/","url":"https:\/\/www.emiga-conseils.com\/wp-content\/uploads\/2025\/12\/Emiga-Conseil-logo-e1765800486116.png","contentUrl":"https:\/\/www.emiga-conseils.com\/wp-content\/uploads\/2025\/12\/Emiga-Conseil-logo-e1765800486116.png","width":256,"height":40,"caption":"Emiga Conseils"},"image":{"@id":"https:\/\/www.emiga-conseils.com\/#\/schema\/logo\/image\/"}}]}},"_links":{"self":[{"href":"https:\/\/www.emiga-conseils.com\/en\/wp-json\/wp\/v2\/pages\/26","targetHints":{"allow":["GET"]}}],"collection":[{"href":"https:\/\/www.emiga-conseils.com\/en\/wp-json\/wp\/v2\/pages"}],"about":[{"href":"https:\/\/www.emiga-conseils.com\/en\/wp-json\/wp\/v2\/types\/page"}],"author":[{"embeddable":true,"href":"https:\/\/www.emiga-conseils.com\/en\/wp-json\/wp\/v2\/users\/3"}],"replies":[{"embeddable":true,"href":"https:\/\/www.emiga-conseils.com\/en\/wp-json\/wp\/v2\/comments?post=26"}],"version-history":[{"count":16,"href":"https:\/\/www.emiga-conseils.com\/en\/wp-json\/wp\/v2\/pages\/26\/revisions"}],"predecessor-version":[{"id":241,"href":"https:\/\/www.emiga-conseils.com\/en\/wp-json\/wp\/v2\/pages\/26\/revisions\/241"}],"wp:featuredmedia":[{"embeddable":true,"href":"https:\/\/www.emiga-conseils.com\/en\/wp-json\/wp\/v2\/media\/112"}],"wp:attachment":[{"href":"https:\/\/www.emiga-conseils.com\/en\/wp-json\/wp\/v2\/media?parent=26"}],"curies":[{"name":"wp","href":"https:\/\/api.w.org\/{rel}","templated":true}]}}