{"id":32,"date":"2025-12-01T16:18:31","date_gmt":"2025-12-01T15:18:31","guid":{"rendered":"https:\/\/www.emiga-conseils.com\/?page_id=32"},"modified":"2025-12-09T17:42:43","modified_gmt":"2025-12-09T16:42:43","slug":"who-we-are","status":"publish","type":"page","link":"https:\/\/www.emiga-conseils.com\/en\/qui-sommes-nous\/","title":{"rendered":"About us"},"content":{"rendered":"<div class=\"wp-block-kadence-spacer aligncenter kt-block-spacer-32_201bcd-ae\"><div class=\"kt-block-spacer kt-block-spacer-halign-center\"><hr class=\"kt-divider\"\/><\/div><\/div>\n\n\n\n<p class=\"has-text-align-center\">Our commitment and what sets us apart<\/p>\n\n\n\n<div class=\"wp-block-kadence-spacer aligncenter kt-block-spacer-32_841fc5-ea\"><div class=\"kt-block-spacer kt-block-spacer-halign-center\"><hr class=\"kt-divider\"\/><\/div><\/div>\n\n\n\n<div class=\"wp-block-media-text alignwide is-stacked-on-mobile\" style=\"border-style:none;border-width:0px;padding-right:0;padding-left:0;grid-template-columns:33% auto\"><figure class=\"wp-block-media-text__media\"><img loading=\"lazy\" decoding=\"async\" width=\"331\" height=\"458\" src=\"https:\/\/www.emiga-conseils.com\/wp-content\/uploads\/2025\/11\/qui-sommes-nous.png\" alt=\"\" class=\"wp-image-33 size-full\" srcset=\"https:\/\/www.emiga-conseils.com\/wp-content\/uploads\/2025\/11\/qui-sommes-nous.png 331w, https:\/\/www.emiga-conseils.com\/wp-content\/uploads\/2025\/11\/qui-sommes-nous-217x300.png 217w\" sizes=\"(max-width: 331px) 100vw, 331px\" \/><\/figure><div class=\"wp-block-media-text__content\">\n<p class=\"has-medium-font-size\"><strong>Our Vision:<\/strong><br>To be an advisory partner and catalyst for added value, combining adaptability and pragmatism, recognised for the quality of its services and its commitment to a responsible economy.<br>Our Strengths:<br>We offer our clients the ability to take swift, targeted action in pursuit of operational excellence and economic optimisation. We draw on our inherent strengths:<br><br>\u2022 Structural agility<br>\u2022 Responsiveness<br>\u2022 Tailored assistance<br>\u2022 Governance expertise<br>\u2022 Primacy of personal commitment<br><br><strong>Our Approach:<\/strong><br>We base our customer relationships on a partnership of trust. We offer our customers innovative and personalised solutions through close collaboration, promoting efficiency and added value.<br>Aware of the importance of team mobilisation during major changes within the company, we are committed to contributing our experience to engage and motivate staff.<br>We support our clients from the development of their strategy to the implementation of operational programmes.<br>We provide our clients with valuable support in their strategic thinking and operational challenges to ensure the sustainable performance of their businesses.<\/p>\n\n\n\n<p><\/p>\n<\/div><\/div>\n\n\n\n<div class=\"wp-block-kadence-spacer aligncenter kt-block-spacer-32_689064-d6\"><div class=\"kt-block-spacer kt-block-spacer-halign-center\"><hr class=\"kt-divider\"\/><\/div><\/div>\n\n\n\n<p class=\"has-text-align-center\">Our management team<\/p>\n\n\n\n<div class=\"wp-block-kadence-spacer aligncenter kt-block-spacer-32_ff28d1-3e\"><div class=\"kt-block-spacer kt-block-spacer-halign-center\"><hr class=\"kt-divider\"\/><\/div><\/div>\n\n\n<div class=\"kb-row-layout-wrap kb-row-layout-id32_d1206c-38 alignwide wp-block-kadence-rowlayout\"><div class=\"kt-row-column-wrap kt-has-2-columns kt-row-layout-equal kt-tab-layout-inherit kt-mobile-layout-row kt-row-valign-top\">\n\n<div class=\"wp-block-kadence-column kadence-column32_260fb5-ce\"><div class=\"kt-inside-inner-col\">\n<div class=\"wp-block-media-text is-stacked-on-mobile is-vertically-aligned-top\" style=\"grid-template-columns:27% auto\"><figure class=\"wp-block-media-text__media\"><img loading=\"lazy\" decoding=\"async\" width=\"251\" height=\"309\" src=\"https:\/\/www.emiga-conseils.com\/wp-content\/uploads\/2025\/11\/president-1.png\" alt=\"\" class=\"wp-image-37 size-full\" srcset=\"https:\/\/www.emiga-conseils.com\/wp-content\/uploads\/2025\/11\/president-1.png 251w, https:\/\/www.emiga-conseils.com\/wp-content\/uploads\/2025\/11\/president-1-244x300.png 244w\" sizes=\"(max-width: 251px) 100vw, 251px\" \/><\/figure><div class=\"wp-block-media-text__content\">\n<p><strong>Michel Faure<em>, Founding President<\/em><\/strong><\/p>\n\n\n\n<p class=\"has-text-align-left has-medium-font-size\" style=\"line-height:1.4\">Michel has acquired extensive and in-depth experience in the energy sector during his professional career, mainly with Royal Dutch Shell. During his 33 years with the Group, he held numerous senior management positions in Europe, Africa and the Middle East. In his various roles, Michel has been responsible for undertaking major strategic reorientations, implementing significant structural and organisational changes, and leading large-scale industrial projects.<br><br>In his consulting work, Michel draws on his extensive practical experience to provide expertise in operational strategy, transformation and governance. He favours collaborative working and optimising individual and collective performance by combining added value and efficiency.<\/p>\n<\/div><\/div>\n<\/div><\/div>\n\n\n\n<div class=\"wp-block-kadence-column kadence-column32_e80040-91\"><div class=\"kt-inside-inner-col\">\n<div class=\"wp-block-media-text is-stacked-on-mobile is-vertically-aligned-top\" style=\"grid-template-columns:29% auto\"><figure class=\"wp-block-media-text__media\"><img loading=\"lazy\" decoding=\"async\" width=\"286\" height=\"311\" src=\"https:\/\/www.emiga-conseils.com\/wp-content\/uploads\/2025\/11\/associee.png\" alt=\"\" class=\"wp-image-38 size-full\" srcset=\"https:\/\/www.emiga-conseils.com\/wp-content\/uploads\/2025\/11\/associee.png 286w, https:\/\/www.emiga-conseils.com\/wp-content\/uploads\/2025\/11\/associee-276x300.png 276w\" sizes=\"(max-width: 286px) 100vw, 286px\" \/><\/figure><div class=\"wp-block-media-text__content\">\n<p class=\"has-large-font-size\"><strong>Julie Faure<em>, Associate Director<\/em><\/strong><\/p>\n\n\n\n<p class=\"has-medium-font-size\" style=\"padding-top:0;padding-bottom:0;line-height:1.4\">Julie began her career in international companies and firms, including EY Advisory.<br><br>Since 2014, as a partner at Emiga Conseils, she has developed extensive skills in project management, organisational transformation and process optimisation. She is committed to adopting a collaborative and pragmatic approach to meet her clients' needs.<br><br>Julie has been involved in projects in the transport, energy, cosmetics, digital and financial services sectors, in an international context. She also has experience in statutory auditing and auditing.<br><br>Having competed in equestrian sports for over 20 years, she uses the skills she developed in high-level sport to promote concentration, resilience and the pursuit of success in her consulting work.<\/p>\n<\/div><\/div>\n<\/div><\/div>\n\n<\/div><\/div>\n\n\n<p><\/p>","protected":false},"excerpt":{"rendered":"<p>Notre engagement et nos particularit\u00e9s Notre Vision :Etre un partenaire conseils, catalyseur de valeur ajout\u00e9e, alliant adaptabilit\u00e9 et pragmatisme, reconnu pour la qualit\u00e9 de ses prestations et son engagement dans une \u00e9conomie responsable.Nos Atouts :Nous offrons \u00e0 nos clients, une capacit\u00e9 d\u2019action rapide et cibl\u00e9e dans une recherche d\u2019excellence op\u00e9rationnelle et d\u2019optimisation \u00e9conomique. Nous nous [&hellip;]<\/p>\n","protected":false},"author":3,"featured_media":0,"parent":0,"menu_order":0,"comment_status":"closed","ping_status":"closed","template":"kubio-full-width","meta":{"saved_in_kubio":true,"footnotes":""},"class_list":["post-32","page","type-page","status-publish","hentry"],"kubio_ai_page_context":{"short_desc":"","purpose":"general"},"yoast_head":"<!-- This site is optimized with the Yoast SEO plugin v27.5 - https:\/\/yoast.com\/product\/yoast-seo-wordpress\/ -->\n<title>Qui sommes-nous - Emiga Conseils<\/title>\n<meta name=\"robots\" content=\"index, follow, max-snippet:-1, max-image-preview:large, max-video-preview:-1\" \/>\n<link rel=\"canonical\" href=\"https:\/\/www.emiga-conseils.com\/en\/who-we-are\/\" \/>\n<meta property=\"og:locale\" content=\"en_GB\" \/>\n<meta property=\"og:type\" content=\"article\" \/>\n<meta property=\"og:title\" content=\"Qui sommes-nous - Emiga Conseils\" \/>\n<meta property=\"og:description\" content=\"Notre engagement et nos particularit\u00e9s Notre Vision :Etre un partenaire conseils, catalyseur de valeur ajout\u00e9e, alliant adaptabilit\u00e9 et pragmatisme, reconnu pour la qualit\u00e9 de ses prestations et son engagement dans une \u00e9conomie responsable.Nos Atouts :Nous offrons \u00e0 nos clients, une capacit\u00e9 d\u2019action rapide et cibl\u00e9e dans une recherche d\u2019excellence op\u00e9rationnelle et d\u2019optimisation \u00e9conomique. Nous nous [&hellip;]\" \/>\n<meta property=\"og:url\" content=\"https:\/\/www.emiga-conseils.com\/en\/who-we-are\/\" \/>\n<meta property=\"og:site_name\" content=\"Emiga Conseils\" \/>\n<meta property=\"article:modified_time\" content=\"2025-12-09T16:42:43+00:00\" \/>\n<meta property=\"og:image\" content=\"https:\/\/www.emiga-conseils.com\/wp-content\/uploads\/2025\/11\/qui-sommes-nous.png\" \/>\n\t<meta property=\"og:image:width\" content=\"331\" \/>\n\t<meta property=\"og:image:height\" content=\"458\" \/>\n\t<meta property=\"og:image:type\" content=\"image\/png\" \/>\n<meta name=\"twitter:card\" content=\"summary_large_image\" \/>\n<meta name=\"twitter:label1\" content=\"Estimated reading time\" \/>\n\t<meta name=\"twitter:data1\" content=\"3 minutes\" \/>\n<script type=\"application\/ld+json\" class=\"yoast-schema-graph\">{\"@context\":\"https:\\\/\\\/schema.org\",\"@graph\":[{\"@type\":\"WebPage\",\"@id\":\"https:\\\/\\\/www.emiga-conseils.com\\\/qui-sommes-nous\\\/\",\"url\":\"https:\\\/\\\/www.emiga-conseils.com\\\/qui-sommes-nous\\\/\",\"name\":\"Qui sommes-nous - Emiga Conseils\",\"isPartOf\":{\"@id\":\"https:\\\/\\\/www.emiga-conseils.com\\\/#website\"},\"primaryImageOfPage\":{\"@id\":\"https:\\\/\\\/www.emiga-conseils.com\\\/qui-sommes-nous\\\/#primaryimage\"},\"image\":{\"@id\":\"https:\\\/\\\/www.emiga-conseils.com\\\/qui-sommes-nous\\\/#primaryimage\"},\"thumbnailUrl\":\"https:\\\/\\\/www.emiga-conseils.com\\\/wp-content\\\/uploads\\\/2025\\\/11\\\/qui-sommes-nous.png\",\"datePublished\":\"2025-12-01T15:18:31+00:00\",\"dateModified\":\"2025-12-09T16:42:43+00:00\",\"breadcrumb\":{\"@id\":\"https:\\\/\\\/www.emiga-conseils.com\\\/qui-sommes-nous\\\/#breadcrumb\"},\"inLanguage\":\"en-GB\",\"potentialAction\":[{\"@type\":\"ReadAction\",\"target\":[\"https:\\\/\\\/www.emiga-conseils.com\\\/qui-sommes-nous\\\/\"]}]},{\"@type\":\"ImageObject\",\"inLanguage\":\"en-GB\",\"@id\":\"https:\\\/\\\/www.emiga-conseils.com\\\/qui-sommes-nous\\\/#primaryimage\",\"url\":\"https:\\\/\\\/www.emiga-conseils.com\\\/wp-content\\\/uploads\\\/2025\\\/11\\\/qui-sommes-nous.png\",\"contentUrl\":\"https:\\\/\\\/www.emiga-conseils.com\\\/wp-content\\\/uploads\\\/2025\\\/11\\\/qui-sommes-nous.png\"},{\"@type\":\"BreadcrumbList\",\"@id\":\"https:\\\/\\\/www.emiga-conseils.com\\\/qui-sommes-nous\\\/#breadcrumb\",\"itemListElement\":[{\"@type\":\"ListItem\",\"position\":1,\"name\":\"Accueil\",\"item\":\"https:\\\/\\\/www.emiga-conseils.com\\\/\"},{\"@type\":\"ListItem\",\"position\":2,\"name\":\"Qui sommes-nous\"}]},{\"@type\":\"WebSite\",\"@id\":\"https:\\\/\\\/www.emiga-conseils.com\\\/#website\",\"url\":\"https:\\\/\\\/www.emiga-conseils.com\\\/\",\"name\":\"Emiga Conseils\",\"description\":\"\",\"publisher\":{\"@id\":\"https:\\\/\\\/www.emiga-conseils.com\\\/#organization\"},\"potentialAction\":[{\"@type\":\"SearchAction\",\"target\":{\"@type\":\"EntryPoint\",\"urlTemplate\":\"https:\\\/\\\/www.emiga-conseils.com\\\/?s={search_term_string}\"},\"query-input\":{\"@type\":\"PropertyValueSpecification\",\"valueRequired\":true,\"valueName\":\"search_term_string\"}}],\"inLanguage\":\"en-GB\"},{\"@type\":\"Organization\",\"@id\":\"https:\\\/\\\/www.emiga-conseils.com\\\/#organization\",\"name\":\"Emiga Conseils\",\"url\":\"https:\\\/\\\/www.emiga-conseils.com\\\/\",\"logo\":{\"@type\":\"ImageObject\",\"inLanguage\":\"en-GB\",\"@id\":\"https:\\\/\\\/www.emiga-conseils.com\\\/#\\\/schema\\\/logo\\\/image\\\/\",\"url\":\"https:\\\/\\\/www.emiga-conseils.com\\\/wp-content\\\/uploads\\\/2025\\\/12\\\/Emiga-Conseil-logo-e1765800486116.png\",\"contentUrl\":\"https:\\\/\\\/www.emiga-conseils.com\\\/wp-content\\\/uploads\\\/2025\\\/12\\\/Emiga-Conseil-logo-e1765800486116.png\",\"width\":256,\"height\":40,\"caption\":\"Emiga Conseils\"},\"image\":{\"@id\":\"https:\\\/\\\/www.emiga-conseils.com\\\/#\\\/schema\\\/logo\\\/image\\\/\"}}]}<\/script>\n<!-- \/ Yoast SEO plugin. -->","yoast_head_json":{"title":"Qui sommes-nous - Emiga Conseils","robots":{"index":"index","follow":"follow","max-snippet":"max-snippet:-1","max-image-preview":"max-image-preview:large","max-video-preview":"max-video-preview:-1"},"canonical":"https:\/\/www.emiga-conseils.com\/en\/who-we-are\/","og_locale":"en_GB","og_type":"article","og_title":"Qui sommes-nous - Emiga Conseils","og_description":"Notre engagement et nos particularit\u00e9s Notre Vision :Etre un partenaire conseils, catalyseur de valeur ajout\u00e9e, alliant adaptabilit\u00e9 et pragmatisme, reconnu pour la qualit\u00e9 de ses prestations et son engagement dans une \u00e9conomie responsable.Nos Atouts :Nous offrons \u00e0 nos clients, une capacit\u00e9 d\u2019action rapide et cibl\u00e9e dans une recherche d\u2019excellence op\u00e9rationnelle et d\u2019optimisation \u00e9conomique. Nous nous [&hellip;]","og_url":"https:\/\/www.emiga-conseils.com\/en\/who-we-are\/","og_site_name":"Emiga Conseils","article_modified_time":"2025-12-09T16:42:43+00:00","og_image":[{"width":331,"height":458,"url":"https:\/\/www.emiga-conseils.com\/wp-content\/uploads\/2025\/11\/qui-sommes-nous.png","type":"image\/png"}],"twitter_card":"summary_large_image","twitter_misc":{"Estimated reading time":"3 minutes"},"schema":{"@context":"https:\/\/schema.org","@graph":[{"@type":"WebPage","@id":"https:\/\/www.emiga-conseils.com\/qui-sommes-nous\/","url":"https:\/\/www.emiga-conseils.com\/qui-sommes-nous\/","name":"Qui sommes-nous - Emiga Conseils","isPartOf":{"@id":"https:\/\/www.emiga-conseils.com\/#website"},"primaryImageOfPage":{"@id":"https:\/\/www.emiga-conseils.com\/qui-sommes-nous\/#primaryimage"},"image":{"@id":"https:\/\/www.emiga-conseils.com\/qui-sommes-nous\/#primaryimage"},"thumbnailUrl":"https:\/\/www.emiga-conseils.com\/wp-content\/uploads\/2025\/11\/qui-sommes-nous.png","datePublished":"2025-12-01T15:18:31+00:00","dateModified":"2025-12-09T16:42:43+00:00","breadcrumb":{"@id":"https:\/\/www.emiga-conseils.com\/qui-sommes-nous\/#breadcrumb"},"inLanguage":"en-GB","potentialAction":[{"@type":"ReadAction","target":["https:\/\/www.emiga-conseils.com\/qui-sommes-nous\/"]}]},{"@type":"ImageObject","inLanguage":"en-GB","@id":"https:\/\/www.emiga-conseils.com\/qui-sommes-nous\/#primaryimage","url":"https:\/\/www.emiga-conseils.com\/wp-content\/uploads\/2025\/11\/qui-sommes-nous.png","contentUrl":"https:\/\/www.emiga-conseils.com\/wp-content\/uploads\/2025\/11\/qui-sommes-nous.png"},{"@type":"BreadcrumbList","@id":"https:\/\/www.emiga-conseils.com\/qui-sommes-nous\/#breadcrumb","itemListElement":[{"@type":"ListItem","position":1,"name":"Accueil","item":"https:\/\/www.emiga-conseils.com\/"},{"@type":"ListItem","position":2,"name":"Qui sommes-nous"}]},{"@type":"WebSite","@id":"https:\/\/www.emiga-conseils.com\/#website","url":"https:\/\/www.emiga-conseils.com\/","name":"Emiga Consulting","description":"","publisher":{"@id":"https:\/\/www.emiga-conseils.com\/#organization"},"potentialAction":[{"@type":"SearchAction","target":{"@type":"EntryPoint","urlTemplate":"https:\/\/www.emiga-conseils.com\/?s={search_term_string}"},"query-input":{"@type":"PropertyValueSpecification","valueRequired":true,"valueName":"search_term_string"}}],"inLanguage":"en-GB"},{"@type":"Organization","@id":"https:\/\/www.emiga-conseils.com\/#organization","name":"Emiga Consulting","url":"https:\/\/www.emiga-conseils.com\/","logo":{"@type":"ImageObject","inLanguage":"en-GB","@id":"https:\/\/www.emiga-conseils.com\/#\/schema\/logo\/image\/","url":"https:\/\/www.emiga-conseils.com\/wp-content\/uploads\/2025\/12\/Emiga-Conseil-logo-e1765800486116.png","contentUrl":"https:\/\/www.emiga-conseils.com\/wp-content\/uploads\/2025\/12\/Emiga-Conseil-logo-e1765800486116.png","width":256,"height":40,"caption":"Emiga Conseils"},"image":{"@id":"https:\/\/www.emiga-conseils.com\/#\/schema\/logo\/image\/"}}]}},"_links":{"self":[{"href":"https:\/\/www.emiga-conseils.com\/en\/wp-json\/wp\/v2\/pages\/32","targetHints":{"allow":["GET"]}}],"collection":[{"href":"https:\/\/www.emiga-conseils.com\/en\/wp-json\/wp\/v2\/pages"}],"about":[{"href":"https:\/\/www.emiga-conseils.com\/en\/wp-json\/wp\/v2\/types\/page"}],"author":[{"embeddable":true,"href":"https:\/\/www.emiga-conseils.com\/en\/wp-json\/wp\/v2\/users\/3"}],"replies":[{"embeddable":true,"href":"https:\/\/www.emiga-conseils.com\/en\/wp-json\/wp\/v2\/comments?post=32"}],"version-history":[{"count":12,"href":"https:\/\/www.emiga-conseils.com\/en\/wp-json\/wp\/v2\/pages\/32\/revisions"}],"predecessor-version":[{"id":247,"href":"https:\/\/www.emiga-conseils.com\/en\/wp-json\/wp\/v2\/pages\/32\/revisions\/247"}],"wp:attachment":[{"href":"https:\/\/www.emiga-conseils.com\/en\/wp-json\/wp\/v2\/media?parent=32"}],"curies":[{"name":"wp","href":"https:\/\/api.w.org\/{rel}","templated":true}]}}