{"id":42,"date":"2025-12-01T16:18:31","date_gmt":"2025-12-01T15:18:31","guid":{"rendered":"https:\/\/www.emiga-conseils.com\/?page_id=42"},"modified":"2025-12-15T13:22:07","modified_gmt":"2025-12-15T12:22:07","slug":"expert-opinions","status":"publish","type":"page","link":"https:\/\/www.emiga-conseils.com\/en\/expertises\/","title":{"rendered":"Expertise"},"content":{"rendered":"<p class=\"has-text-align-center\"><strong>We provide assistance to our clients in three main areas<\/strong><\/p>\n\n\n\n<div class=\"wp-block-kadence-spacer aligncenter kt-block-spacer-42_2a16c2-fd\"><div class=\"kt-block-spacer kt-block-spacer-halign-center\"><hr class=\"kt-divider\"\/><\/div><\/div>\n\n\n\n<div class=\"wp-block-columns alignwide is-layout-flex wp-container-core-columns-is-layout-28f84493 wp-block-columns-is-layout-flex\">\n<div class=\"wp-block-column is-layout-flow wp-block-column-is-layout-flow\">\n<p class=\"has-text-align-center\"><strong>Strategy<\/strong><\/p>\n<\/div>\n\n\n\n<div class=\"wp-block-column is-layout-flow wp-block-column-is-layout-flow\">\n<p class=\"has-text-align-center\"><strong>Management<\/strong><\/p>\n<\/div>\n\n\n\n<div class=\"wp-block-column is-layout-flow wp-block-column-is-layout-flow\">\n<p class=\"has-text-align-center\"><strong>Human resources<\/strong><\/p>\n<\/div>\n<\/div>\n\n\n\n<div class=\"wp-block-columns alignwide is-layout-flex wp-container-core-columns-is-layout-28f84493 wp-block-columns-is-layout-flex\">\n<div class=\"wp-block-column is-vertically-aligned-top is-layout-flow wp-block-column-is-layout-flow\">\n<p class=\"has-text-align-center has-background\" style=\"background-color:#eef5f7\">                 <img loading=\"lazy\" decoding=\"async\" width=\"150\" height=\"150\" class=\"wp-image-48\" style=\"width: 150px;\" src=\"https:\/\/www.emiga-conseils.com\/wp-content\/uploads\/2025\/11\/reflexion.png\" alt=\"\" srcset=\"https:\/\/www.emiga-conseils.com\/wp-content\/uploads\/2025\/11\/reflexion.png 512w, https:\/\/www.emiga-conseils.com\/wp-content\/uploads\/2025\/11\/reflexion-300x300.png 300w, https:\/\/www.emiga-conseils.com\/wp-content\/uploads\/2025\/11\/reflexion-150x150.png 150w\" sizes=\"(max-width: 150px) 100vw, 150px\" \/><br>\u25aa Strategic analysis<br>organisational<br>\u25aa Implementation of plan<br>strategic<br>\u25aa Investment advice<br>organic, acquisition, ,<br>disengagement<br>\u25aa Assistance in finding<br>partnership and integration<br>inter-company<\/p>\n<\/div>\n\n\n\n<div class=\"wp-block-column is-vertically-aligned-top is-layout-flow wp-block-column-is-layout-flow\">\n<p class=\"has-text-align-center has-background\" style=\"background-color:#eef5f7\"><img loading=\"lazy\" decoding=\"async\" width=\"150\" height=\"150\" class=\"wp-image-49\" style=\"width: 150px;\" src=\"https:\/\/www.emiga-conseils.com\/wp-content\/uploads\/2025\/11\/reglages.png\" alt=\"\" srcset=\"https:\/\/www.emiga-conseils.com\/wp-content\/uploads\/2025\/11\/reglages.png 512w, https:\/\/www.emiga-conseils.com\/wp-content\/uploads\/2025\/11\/reglages-300x300.png 300w, https:\/\/www.emiga-conseils.com\/wp-content\/uploads\/2025\/11\/reglages-150x150.png 150w\" sizes=\"(max-width: 150px) 100vw, 150px\" \/><br>\u25aa Implementation of<br>organisational transformation<br>\u25aa Change management<br>internal \u2013 behaviour\/<br>process<br>\u25aa Project management<br>\u25aa Implementation of tools for<br>management \u2013 performance monitoring<br><br><\/p>\n<\/div>\n\n\n\n<div class=\"wp-block-column is-vertically-aligned-top is-layout-flow wp-block-column-is-layout-flow\">\n<p class=\"has-text-align-center has-background\" style=\"background-color:#eef5f7\">                    <img loading=\"lazy\" decoding=\"async\" width=\"150\" height=\"150\" class=\"wp-image-50\" style=\"width: 150px;\" src=\"https:\/\/www.emiga-conseils.com\/wp-content\/uploads\/2025\/11\/equipe-1.png\" alt=\"\" srcset=\"https:\/\/www.emiga-conseils.com\/wp-content\/uploads\/2025\/11\/equipe-1.png 512w, https:\/\/www.emiga-conseils.com\/wp-content\/uploads\/2025\/11\/equipe-1-300x300.png 300w, https:\/\/www.emiga-conseils.com\/wp-content\/uploads\/2025\/11\/equipe-1-150x150.png 150w\" sizes=\"(max-width: 150px) 100vw, 150px\" \/><br>\u25aa Leading programmes for<br>motivation and mobilisation of<br>staff<br>\u25aa Support for<br>optimisation of<br>individual performance and<br>collective<br>\u25aa Leadership development<br>of executives<br><\/p>\n<\/div>\n<\/div>\n\n\n\n<div class=\"wp-block-kadence-spacer aligncenter kt-block-spacer-42_9a8dfb-73\"><div class=\"kt-block-spacer kt-block-spacer-halign-center\"><hr class=\"kt-divider\"\/><\/div><\/div>\n\n\n\n<p class=\"kt-adv-heading42_946b15-9b wp-block-kadence-advancedheading\" data-kb-block=\"kb-adv-heading42_946b15-9b\"><strong>We promote an interactive operational model for sustainable business performance.<\/strong><\/p>\n\n\n\n<div class=\"wp-block-kadence-spacer aligncenter kt-block-spacer-42_5a4e6f-0c\"><div class=\"kt-block-spacer kt-block-spacer-halign-center\"><hr class=\"kt-divider\"\/><\/div><\/div>\n\n\n\n<div class=\"wp-block-media-text alignwide has-media-on-the-right is-stacked-on-mobile\" style=\"grid-template-columns:auto 40%\"><div class=\"wp-block-media-text__content\">\n<p>\u25aa Broadening the company's horizons through<br>strategy for conquering new territories<br><br>\u25aa Value management within the framework of management<br>evolving corporate structures<br><br>\u25aa Staff commitment as part of a<br>shared success dynamic<\/p>\n\n\n\n<p><\/p>\n<\/div><figure class=\"wp-block-media-text__media\"><img loading=\"lazy\" decoding=\"async\" width=\"364\" height=\"317\" src=\"https:\/\/www.emiga-conseils.com\/wp-content\/uploads\/2025\/12\/PDE.png\" alt=\"\" class=\"wp-image-56 size-full\" srcset=\"https:\/\/www.emiga-conseils.com\/wp-content\/uploads\/2025\/12\/PDE.png 364w, https:\/\/www.emiga-conseils.com\/wp-content\/uploads\/2025\/12\/PDE-300x261.png 300w\" sizes=\"(max-width: 364px) 100vw, 364px\" \/><\/figure><\/div>\n\n\n\n<p><\/p>","protected":false},"excerpt":{"rendered":"<p>Nous d\u00e9ployons notre assistance \u00e0 nos clients dans trois grands domaines Strat\u00e9gie Management Ressources humaines \u25aa Analyse strat\u00e9giqueorganisationnelle\u25aa Mise en place de planstrat\u00e9gique\u25aa Conseil en investissementorganique, acquisition ,d\u00e9sengagement\u25aa Assistance \u00e0 la recherche departenariat et \u00e0 l\u2019int\u00e9grationinter entreprise \u25aa Mise en \u0153uvre detransformation d\u2019organisation\u25aa Gestion du changementinterne &#8211; comportement\/processus\u25aa Pilotage de projet\u25aa Mise en place d\u2019outils [&hellip;]<\/p>\n","protected":false},"author":3,"featured_media":0,"parent":0,"menu_order":0,"comment_status":"closed","ping_status":"closed","template":"kubio-full-width","meta":{"saved_in_kubio":true,"footnotes":""},"class_list":["post-42","page","type-page","status-publish","hentry"],"kubio_ai_page_context":{"short_desc":"","purpose":"general"},"yoast_head":"<!-- This site is optimized with the Yoast SEO plugin v27.5 - https:\/\/yoast.com\/product\/yoast-seo-wordpress\/ -->\n<title>Expertises - Emiga Conseils<\/title>\n<meta name=\"robots\" content=\"index, follow, max-snippet:-1, max-image-preview:large, max-video-preview:-1\" \/>\n<link rel=\"canonical\" href=\"https:\/\/www.emiga-conseils.com\/en\/expert-opinions\/\" \/>\n<meta property=\"og:locale\" content=\"en_GB\" \/>\n<meta property=\"og:type\" content=\"article\" \/>\n<meta property=\"og:title\" content=\"Expertises - Emiga Conseils\" \/>\n<meta property=\"og:description\" content=\"Nous d\u00e9ployons notre assistance \u00e0 nos clients dans trois grands domaines Strat\u00e9gie Management Ressources humaines \u25aa Analyse strat\u00e9giqueorganisationnelle\u25aa Mise en place de planstrat\u00e9gique\u25aa Conseil en investissementorganique, acquisition ,d\u00e9sengagement\u25aa Assistance \u00e0 la recherche departenariat et \u00e0 l\u2019int\u00e9grationinter entreprise \u25aa Mise en \u0153uvre detransformation d\u2019organisation\u25aa Gestion du changementinterne &#8211; comportement\/processus\u25aa Pilotage de projet\u25aa Mise en place d\u2019outils [&hellip;]\" \/>\n<meta property=\"og:url\" content=\"https:\/\/www.emiga-conseils.com\/en\/expert-opinions\/\" \/>\n<meta property=\"og:site_name\" content=\"Emiga Conseils\" \/>\n<meta property=\"article:modified_time\" content=\"2025-12-15T12:22:07+00:00\" \/>\n<meta property=\"og:image\" content=\"https:\/\/www.emiga-conseils.com\/wp-content\/uploads\/2025\/11\/reflexion.png\" \/>\n\t<meta property=\"og:image:width\" content=\"512\" \/>\n\t<meta property=\"og:image:height\" content=\"512\" \/>\n\t<meta property=\"og:image:type\" content=\"image\/png\" \/>\n<meta name=\"twitter:card\" content=\"summary_large_image\" \/>\n<meta name=\"twitter:label1\" content=\"Estimated reading time\" \/>\n\t<meta name=\"twitter:data1\" content=\"1 minute\" \/>\n<script type=\"application\/ld+json\" class=\"yoast-schema-graph\">{\"@context\":\"https:\\\/\\\/schema.org\",\"@graph\":[{\"@type\":\"WebPage\",\"@id\":\"https:\\\/\\\/www.emiga-conseils.com\\\/expertises\\\/\",\"url\":\"https:\\\/\\\/www.emiga-conseils.com\\\/expertises\\\/\",\"name\":\"Expertises - Emiga Conseils\",\"isPartOf\":{\"@id\":\"https:\\\/\\\/www.emiga-conseils.com\\\/#website\"},\"primaryImageOfPage\":{\"@id\":\"https:\\\/\\\/www.emiga-conseils.com\\\/expertises\\\/#primaryimage\"},\"image\":{\"@id\":\"https:\\\/\\\/www.emiga-conseils.com\\\/expertises\\\/#primaryimage\"},\"thumbnailUrl\":\"https:\\\/\\\/www.emiga-conseils.com\\\/wp-content\\\/uploads\\\/2025\\\/11\\\/reflexion.png\",\"datePublished\":\"2025-12-01T15:18:31+00:00\",\"dateModified\":\"2025-12-15T12:22:07+00:00\",\"breadcrumb\":{\"@id\":\"https:\\\/\\\/www.emiga-conseils.com\\\/expertises\\\/#breadcrumb\"},\"inLanguage\":\"en-GB\",\"potentialAction\":[{\"@type\":\"ReadAction\",\"target\":[\"https:\\\/\\\/www.emiga-conseils.com\\\/expertises\\\/\"]}]},{\"@type\":\"ImageObject\",\"inLanguage\":\"en-GB\",\"@id\":\"https:\\\/\\\/www.emiga-conseils.com\\\/expertises\\\/#primaryimage\",\"url\":\"https:\\\/\\\/www.emiga-conseils.com\\\/wp-content\\\/uploads\\\/2025\\\/11\\\/reflexion.png\",\"contentUrl\":\"https:\\\/\\\/www.emiga-conseils.com\\\/wp-content\\\/uploads\\\/2025\\\/11\\\/reflexion.png\"},{\"@type\":\"BreadcrumbList\",\"@id\":\"https:\\\/\\\/www.emiga-conseils.com\\\/expertises\\\/#breadcrumb\",\"itemListElement\":[{\"@type\":\"ListItem\",\"position\":1,\"name\":\"Accueil\",\"item\":\"https:\\\/\\\/www.emiga-conseils.com\\\/\"},{\"@type\":\"ListItem\",\"position\":2,\"name\":\"Expertises\"}]},{\"@type\":\"WebSite\",\"@id\":\"https:\\\/\\\/www.emiga-conseils.com\\\/#website\",\"url\":\"https:\\\/\\\/www.emiga-conseils.com\\\/\",\"name\":\"Emiga Conseils\",\"description\":\"\",\"publisher\":{\"@id\":\"https:\\\/\\\/www.emiga-conseils.com\\\/#organization\"},\"potentialAction\":[{\"@type\":\"SearchAction\",\"target\":{\"@type\":\"EntryPoint\",\"urlTemplate\":\"https:\\\/\\\/www.emiga-conseils.com\\\/?s={search_term_string}\"},\"query-input\":{\"@type\":\"PropertyValueSpecification\",\"valueRequired\":true,\"valueName\":\"search_term_string\"}}],\"inLanguage\":\"en-GB\"},{\"@type\":\"Organization\",\"@id\":\"https:\\\/\\\/www.emiga-conseils.com\\\/#organization\",\"name\":\"Emiga Conseils\",\"url\":\"https:\\\/\\\/www.emiga-conseils.com\\\/\",\"logo\":{\"@type\":\"ImageObject\",\"inLanguage\":\"en-GB\",\"@id\":\"https:\\\/\\\/www.emiga-conseils.com\\\/#\\\/schema\\\/logo\\\/image\\\/\",\"url\":\"https:\\\/\\\/www.emiga-conseils.com\\\/wp-content\\\/uploads\\\/2025\\\/12\\\/Emiga-Conseil-logo-e1765800486116.png\",\"contentUrl\":\"https:\\\/\\\/www.emiga-conseils.com\\\/wp-content\\\/uploads\\\/2025\\\/12\\\/Emiga-Conseil-logo-e1765800486116.png\",\"width\":256,\"height\":40,\"caption\":\"Emiga Conseils\"},\"image\":{\"@id\":\"https:\\\/\\\/www.emiga-conseils.com\\\/#\\\/schema\\\/logo\\\/image\\\/\"}}]}<\/script>\n<!-- \/ Yoast SEO plugin. -->","yoast_head_json":{"title":"Expertises - Emiga Conseils","robots":{"index":"index","follow":"follow","max-snippet":"max-snippet:-1","max-image-preview":"max-image-preview:large","max-video-preview":"max-video-preview:-1"},"canonical":"https:\/\/www.emiga-conseils.com\/en\/expert-opinions\/","og_locale":"en_GB","og_type":"article","og_title":"Expertises - Emiga Conseils","og_description":"Nous d\u00e9ployons notre assistance \u00e0 nos clients dans trois grands domaines Strat\u00e9gie Management Ressources humaines \u25aa Analyse strat\u00e9giqueorganisationnelle\u25aa Mise en place de planstrat\u00e9gique\u25aa Conseil en investissementorganique, acquisition ,d\u00e9sengagement\u25aa Assistance \u00e0 la recherche departenariat et \u00e0 l\u2019int\u00e9grationinter entreprise \u25aa Mise en \u0153uvre detransformation d\u2019organisation\u25aa Gestion du changementinterne &#8211; comportement\/processus\u25aa Pilotage de projet\u25aa Mise en place d\u2019outils [&hellip;]","og_url":"https:\/\/www.emiga-conseils.com\/en\/expert-opinions\/","og_site_name":"Emiga Conseils","article_modified_time":"2025-12-15T12:22:07+00:00","og_image":[{"width":512,"height":512,"url":"https:\/\/www.emiga-conseils.com\/wp-content\/uploads\/2025\/11\/reflexion.png","type":"image\/png"}],"twitter_card":"summary_large_image","twitter_misc":{"Estimated reading time":"1 minute"},"schema":{"@context":"https:\/\/schema.org","@graph":[{"@type":"WebPage","@id":"https:\/\/www.emiga-conseils.com\/expertises\/","url":"https:\/\/www.emiga-conseils.com\/expertises\/","name":"Expertises - Emiga Conseils","isPartOf":{"@id":"https:\/\/www.emiga-conseils.com\/#website"},"primaryImageOfPage":{"@id":"https:\/\/www.emiga-conseils.com\/expertises\/#primaryimage"},"image":{"@id":"https:\/\/www.emiga-conseils.com\/expertises\/#primaryimage"},"thumbnailUrl":"https:\/\/www.emiga-conseils.com\/wp-content\/uploads\/2025\/11\/reflexion.png","datePublished":"2025-12-01T15:18:31+00:00","dateModified":"2025-12-15T12:22:07+00:00","breadcrumb":{"@id":"https:\/\/www.emiga-conseils.com\/expertises\/#breadcrumb"},"inLanguage":"en-GB","potentialAction":[{"@type":"ReadAction","target":["https:\/\/www.emiga-conseils.com\/expertises\/"]}]},{"@type":"ImageObject","inLanguage":"en-GB","@id":"https:\/\/www.emiga-conseils.com\/expertises\/#primaryimage","url":"https:\/\/www.emiga-conseils.com\/wp-content\/uploads\/2025\/11\/reflexion.png","contentUrl":"https:\/\/www.emiga-conseils.com\/wp-content\/uploads\/2025\/11\/reflexion.png"},{"@type":"BreadcrumbList","@id":"https:\/\/www.emiga-conseils.com\/expertises\/#breadcrumb","itemListElement":[{"@type":"ListItem","position":1,"name":"Accueil","item":"https:\/\/www.emiga-conseils.com\/"},{"@type":"ListItem","position":2,"name":"Expertises"}]},{"@type":"WebSite","@id":"https:\/\/www.emiga-conseils.com\/#website","url":"https:\/\/www.emiga-conseils.com\/","name":"Emiga Consulting","description":"","publisher":{"@id":"https:\/\/www.emiga-conseils.com\/#organization"},"potentialAction":[{"@type":"SearchAction","target":{"@type":"EntryPoint","urlTemplate":"https:\/\/www.emiga-conseils.com\/?s={search_term_string}"},"query-input":{"@type":"PropertyValueSpecification","valueRequired":true,"valueName":"search_term_string"}}],"inLanguage":"en-GB"},{"@type":"Organization","@id":"https:\/\/www.emiga-conseils.com\/#organization","name":"Emiga Consulting","url":"https:\/\/www.emiga-conseils.com\/","logo":{"@type":"ImageObject","inLanguage":"en-GB","@id":"https:\/\/www.emiga-conseils.com\/#\/schema\/logo\/image\/","url":"https:\/\/www.emiga-conseils.com\/wp-content\/uploads\/2025\/12\/Emiga-Conseil-logo-e1765800486116.png","contentUrl":"https:\/\/www.emiga-conseils.com\/wp-content\/uploads\/2025\/12\/Emiga-Conseil-logo-e1765800486116.png","width":256,"height":40,"caption":"Emiga Conseils"},"image":{"@id":"https:\/\/www.emiga-conseils.com\/#\/schema\/logo\/image\/"}}]}},"_links":{"self":[{"href":"https:\/\/www.emiga-conseils.com\/en\/wp-json\/wp\/v2\/pages\/42","targetHints":{"allow":["GET"]}}],"collection":[{"href":"https:\/\/www.emiga-conseils.com\/en\/wp-json\/wp\/v2\/pages"}],"about":[{"href":"https:\/\/www.emiga-conseils.com\/en\/wp-json\/wp\/v2\/types\/page"}],"author":[{"embeddable":true,"href":"https:\/\/www.emiga-conseils.com\/en\/wp-json\/wp\/v2\/users\/3"}],"replies":[{"embeddable":true,"href":"https:\/\/www.emiga-conseils.com\/en\/wp-json\/wp\/v2\/comments?post=42"}],"version-history":[{"count":9,"href":"https:\/\/www.emiga-conseils.com\/en\/wp-json\/wp\/v2\/pages\/42\/revisions"}],"predecessor-version":[{"id":293,"href":"https:\/\/www.emiga-conseils.com\/en\/wp-json\/wp\/v2\/pages\/42\/revisions\/293"}],"wp:attachment":[{"href":"https:\/\/www.emiga-conseils.com\/en\/wp-json\/wp\/v2\/media?parent=42"}],"curies":[{"name":"wp","href":"https:\/\/api.w.org\/{rel}","templated":true}]}}